{"id":4991,"date":"2024-07-08T22:07:23","date_gmt":"2024-07-08T22:07:23","guid":{"rendered":"https:\/\/ncafcc2.wpenginepowered.com\/?page_id=4991"},"modified":"2025-10-24T14:51:56","modified_gmt":"2025-10-24T14:51:56","slug":"our-mission","status":"publish","type":"page","link":"http:\/\/ncafcc.org\/es\/our-mission\/","title":{"rendered":"Nuestra misi\u00f3n"},"content":{"rendered":"<h1>\n\t\t\tNuestra misi\u00f3n\t<\/h1>\n\t<p>Apoyamos y defendemos a nuestras organizaciones miembros para que presten asistencia sanitaria a las personas sin seguro o con seguro insuficiente de Carolina del Norte.<\/p>\n<h2>\n\t\t\tQui\u00e9nes somos\t<\/h2>\n\t<p>En la primavera de 1996, un grupo de l\u00edderes cl\u00ednicos se reuni\u00f3 para celebrar su quinta conferencia anual, dirigida por el Dr. Don Lucey. Pero ese a\u00f1o, el grupo decidi\u00f3 que necesitaba algo m\u00e1s que una conferencia: Propusieron la creaci\u00f3n de una asociaci\u00f3n formal de cl\u00ednicas que pudiera continuar el trabajo durante todo el a\u00f1o y a un nivel superior. Su visi\u00f3n colectiva pronto dio lugar a la Asociaci\u00f3n de Cl\u00ednicas Gratuitas y Ben\u00e9ficas de Carolina del Norte.<\/p>\n<p>Hoy en d\u00eda, la NCAFCC ha crecido hasta convertirse en una red integral de 65 cl\u00ednicas gratuitas y ben\u00e9ficas dedicadas a mejorar la salud y el bienestar de los pacientes sin seguro en Carolina del Norte. En 2023, proporcionamos m\u00e1s de 200.000 citas m\u00e9dicas, de salud conductual y dentales a casi 80.000 pacientes individuales, con servicios valorados en m\u00e1s de $364.000.000. Estas cifras son testimonio de la vital labor de hacer asequible la sanidad. Estamos muy agradecidos por tener un impacto tan notable en la salud de las personas y comunidades de Carolina del Norte que lo merecen.<\/p>\n<h2>\n\t\t\tValores fundamentales\t<\/h2>\n\t\t\t\t<img decoding=\"async\" src=\"https:\/\/ncafcc.org\/wp-content\/uploads\/2024\/07\/Vector.svg\" alt=\"Vector\" itemprop=\"image\" height=\"91\" width=\"91\" title=\"Vector\" onerror=\"this.style.display='none'\" loading=\"lazy\" \/>\n<h3>\n\t\t\tColaboraci\u00f3n\t<\/h3>\n\t<p>Cultivamos las asociaciones para crear un sistema de atenci\u00f3n s\u00f3lido y hol\u00edstico.<\/p>\n\t\t\t\t<img decoding=\"async\" src=\"https:\/\/ncafcc.org\/wp-content\/uploads\/2024\/07\/Layer_1.svg\" alt=\"Layer_1\" itemprop=\"image\" height=\"76\" width=\"119\" title=\"Capa_1\" onerror=\"this.style.display='none'\" loading=\"lazy\" \/>\n<h3>\n\t\t\tIntegridad\t<\/h3>\n\t<p>Actuamos con equidad y transparencia y nos ganamos la confianza de nuestros grupos de inter\u00e9s.<\/p>\n\t\t\t\t<img decoding=\"async\" src=\"https:\/\/ncafcc.org\/wp-content\/uploads\/2024\/07\/Layer_1-1.svg\" alt=\"Layer_1 (1)\" itemprop=\"image\" height=\"83\" width=\"86\" title=\"Capa_1 (1)\" onerror=\"this.style.display='none'\" loading=\"lazy\" \/>\n<h3>\n\t\t\tCompasi\u00f3n\t<\/h3>\n\t<p>Nos preocupamos sinceramente por las necesidades y la salud de todos los habitantes de Carolina del Norte.<\/p>\n\t\t\t\t<img decoding=\"async\" src=\"https:\/\/ncafcc.org\/wp-content\/uploads\/2024\/07\/Layer_1-2.svg\" alt=\"Layer_1 (2)\" itemprop=\"image\" height=\"103\" width=\"103\" title=\"Capa_1 (2)\" onerror=\"this.style.display='none'\" loading=\"lazy\" \/>\n<h3>\n\t\t\tCorresponsabilidad\t<\/h3>\n\t<p>Cuidamos cada relaci\u00f3n e invertimos en generar confianza.<\/p>\n\t\t\t\t<img decoding=\"async\" src=\"https:\/\/ncafcc.org\/wp-content\/uploads\/2024\/12\/Layer_1-3.svg\" alt=\"Layer_1-3\" itemprop=\"image\" height=\"116\" width=\"94\" title=\"Capa_1-3\" onerror=\"this.style.display='none'\" loading=\"lazy\" \/>\n<h3>\n\t\t\tCalidad\t<\/h3>\n\t<p>Buscamos la excelencia en todo lo que hacemos.<\/p>\n<h2>\n\t\t\tMantente al d\u00eda\t<\/h2>\n\t\u00danase a nuestra lista de correo electr\u00f3nico para conocer los pr\u00f3ximos eventos y recaudaciones de fondos,<br \/>\ny oportunidades de voluntariado que apoyen nuestra misi\u00f3n.","protected":false},"excerpt":{"rendered":"<p>Our Mission We support and advocate for our member organizations to provide healthcare for the uninsured and underinsured of North Carolina. About Us In the spring of 1996, a group of clinic leaders gathered for their fifth annual conference, helmed by Dr. Don Lucey. But that year, the group decided they needed more than a&hellip;<\/p>","protected":false},"author":5,"featured_media":0,"parent":0,"menu_order":0,"comment_status":"closed","ping_status":"closed","template":"","meta":{"_acf_changed":false,"_monsterinsights_skip_tracking":false,"_monsterinsights_sitenote_active":false,"_monsterinsights_sitenote_note":"","_monsterinsights_sitenote_category":0,"footnotes":""},"class_list":["post-4991","page","type-page","status-publish","hentry"],"acf":[],"_links":{"self":[{"href":"http:\/\/ncafcc.org\/es\/wp-json\/wp\/v2\/pages\/4991","targetHints":{"allow":["GET"]}}],"collection":[{"href":"http:\/\/ncafcc.org\/es\/wp-json\/wp\/v2\/pages"}],"about":[{"href":"http:\/\/ncafcc.org\/es\/wp-json\/wp\/v2\/types\/page"}],"author":[{"embeddable":true,"href":"http:\/\/ncafcc.org\/es\/wp-json\/wp\/v2\/users\/5"}],"replies":[{"embeddable":true,"href":"http:\/\/ncafcc.org\/es\/wp-json\/wp\/v2\/comments?post=4991"}],"version-history":[{"count":0,"href":"http:\/\/ncafcc.org\/es\/wp-json\/wp\/v2\/pages\/4991\/revisions"}],"wp:attachment":[{"href":"http:\/\/ncafcc.org\/es\/wp-json\/wp\/v2\/media?parent=4991"}],"curies":[{"name":"wp","href":"https:\/\/api.w.org\/{rel}","templated":true}]}}