{"id":5202,"date":"2024-09-05T20:05:10","date_gmt":"2024-09-05T20:05:10","guid":{"rendered":"https:\/\/ncafcc2.wpenginepowered.com\/?page_id=5202"},"modified":"2025-02-19T01:10:50","modified_gmt":"2025-02-19T01:10:50","slug":"donate","status":"publish","type":"page","link":"http:\/\/ncafcc.org\/es\/donate\/","title":{"rendered":"Donar"},"content":{"rendered":"<h1>\n\t\tDonar\n\t<\/h1>\n\t<p>Su ayuda econ\u00f3mica hace posible unos servicios m\u00e9dicos, dentales, farmac\u00e9uticos y sociales que cambian vidas.<\/p>\n\t<iframe title='Formulario de donaci\u00f3n de Zeffy' style='position: absolute; border: 0; top:0;left:0;bottom:0;right:0;width:100%;height:100%' src='https:\/\/www.zeffy.com\/embed\/donation-form\/d3ca5cb9-d2cb-47db-8d3a-1a8ed745f027' allowpaymentrequest allowtransparency=\"true\"><\/iframe>","protected":false},"excerpt":{"rendered":"<p>Donate Your financial support makes life-changing medical, dental, pharmacy, and social services possible.<\/p>","protected":false},"author":5,"featured_media":0,"parent":0,"menu_order":0,"comment_status":"closed","ping_status":"closed","template":"","meta":{"_acf_changed":false,"_monsterinsights_skip_tracking":false,"_monsterinsights_sitenote_active":false,"_monsterinsights_sitenote_note":"","_monsterinsights_sitenote_category":0,"footnotes":""},"class_list":["post-5202","page","type-page","status-publish","hentry"],"acf":[],"_links":{"self":[{"href":"http:\/\/ncafcc.org\/es\/wp-json\/wp\/v2\/pages\/5202","targetHints":{"allow":["GET"]}}],"collection":[{"href":"http:\/\/ncafcc.org\/es\/wp-json\/wp\/v2\/pages"}],"about":[{"href":"http:\/\/ncafcc.org\/es\/wp-json\/wp\/v2\/types\/page"}],"author":[{"embeddable":true,"href":"http:\/\/ncafcc.org\/es\/wp-json\/wp\/v2\/users\/5"}],"replies":[{"embeddable":true,"href":"http:\/\/ncafcc.org\/es\/wp-json\/wp\/v2\/comments?post=5202"}],"version-history":[{"count":0,"href":"http:\/\/ncafcc.org\/es\/wp-json\/wp\/v2\/pages\/5202\/revisions"}],"wp:attachment":[{"href":"http:\/\/ncafcc.org\/es\/wp-json\/wp\/v2\/media?parent=5202"}],"curies":[{"name":"wp","href":"https:\/\/api.w.org\/{rel}","templated":true}]}}