{"id":4958,"date":"2024-02-28T19:47:22","date_gmt":"2024-02-28T19:47:22","guid":{"rendered":"http:\/\/liminal-creative-blueprint.local\/?page_id=4958"},"modified":"2025-11-13T01:48:21","modified_gmt":"2025-11-13T01:48:21","slug":"home-page","status":"publish","type":"page","link":"https:\/\/ncafcc.org\/es\/","title":{"rendered":"P\u00e1gina de inicio"},"content":{"rendered":"<h1>\n\t\t\tWe Champion Access to Healthcare\t<\/h1>\n\t<p>Nuestro trabajo equipa y apoya a las cl\u00ednicas afiliadas que atienden a personas sin seguro en toda Carolina del Norte.<\/p>\n<h2>\n\t\t\tM\u00e1s de 700.000 personas siguen sin seguro m\u00e9dico en Carolina del Norte. Fomentamos una red de seguridad de atenci\u00f3n accesible.\t<\/h2>\n\t<p>A los habitantes de Carolina del Norte sin seguro o con seguro insuficiente se les suele negar la asistencia sanitaria que necesitan. Nuestras cl\u00ednicas miembro conectan a residentes de todo el estado con la atenci\u00f3n sanitaria independientemente de su capacidad de pago.<\/p>\n\t\t\t<a href=\"https:\/\/ncafcc.org\/es\/our-clinics\/\" target=\"_self\">\n\t\t\t\t\t\t\tBuscar una cl\u00ednica\n\t\t\t\t\t<\/a>\n<h2>\n\t\t\tNuestro trabajo\t<\/h2>\n\t<p>Defendemos a los no asegurados, representamos a nuestras cl\u00ednicas afiliadas y a sus pacientes, y colaboramos con las principales partes interesadas para ayudar a satisfacer las necesidades de nuestros vecinos no asegurados.<\/p>\n<h2>\n\t\t\tCl\u00ednicas de Carolina del Norte en cifras\t<\/h2>\n\t<p>We&#8217;re dedicated to advancing the health of every resident.<\/p>\n\t61,955\n\tNumber of Patients Served\n\t<p>$349,674,200<\/p>\n\tEmergency Department Diversion Savings\n\t150,875\n\tNumber of Provider Visits\n\t<p>11,266<\/p>\n\t<p>Volunteers<\/p>\n\t$259,924,106\n\tValue of Services Delivered\n\t<p>$1 to $4.40<\/p>\n\t<p>Ratio of Dollars Spent to Services Provided<\/p>\n\t<p>Source: NCAFCC 2024 Annual Survey Report<\/p>\n\t\t\t\t<img decoding=\"async\" src=\"https:\/\/ncafcc.org\/wp-content\/uploads\/2024\/09\/Advocacy1.jpg\" alt=\"Advocacy1\" itemprop=\"image\" height=\"1875\" width=\"2500\" title=\"Abogac\u00eda1\" onerror=\"this.style.display='none'\" loading=\"lazy\" \/>\n<h3>\n\t\t\tDefensa\t<\/h3>\n\t<p>Utilizamos datos y conocimientos para reducir las barreras que impiden el acceso a la asistencia en todo el sistema y mejorar los resultados cl\u00ednicos.<\/p>\n\t\t\t<a href=\"https:\/\/ncafcc.org\/es\/our-services\/\" target=\"_self\">\n\t\t\t\t\t\t\tM\u00e1s informaci\u00f3n\n\t\t\t\t\t<\/a>\n\t\t\t\t<img decoding=\"async\" src=\"https:\/\/ncafcc.org\/wp-content\/uploads\/2024\/09\/Innovative-Service-Delivery.jpg\" alt=\"Innovative Service Delivery\" itemprop=\"image\" height=\"1296\" width=\"2048\" title=\"Prestaci\u00f3n de servicios innovadores\" onerror=\"this.style.display='none'\" loading=\"lazy\" \/>\n<h3>\n\t\t\tPrestaci\u00f3n de servicios innovadores\t<\/h3>\n\t<p>Nuestras innovadoras iniciativas sanitarias ampl\u00edan el acceso a los residentes de Carolina del Norte a trav\u00e9s de la telesalud, la atenci\u00f3n m\u00f3vil y una estrategia global de regionalizaci\u00f3n.<\/p>\n\t\t\t<a href=\"https:\/\/ncafcc.org\/es\/our-services\/\" target=\"_self\">\n\t\t\t\t\t\t\tM\u00e1s informaci\u00f3n\n\t\t\t\t\t<\/a>\n\t\t\t\t<img decoding=\"async\" src=\"https:\/\/ncafcc.org\/wp-content\/uploads\/2025\/10\/OXFJ3538-1-1-scaled.jpg\" alt=\"Edited in Tezza with: Lush, Exposure, Brightness, Contrast, Shadows, Highlights, Temperature, Saturation, Sharpen, &amp;amp; Crop\" itemprop=\"image\" height=\"1578\" width=\"2560\" title=\"OXFJ3538 (1)\" onerror=\"this.style.display='none'\" loading=\"lazy\" \/>\n<h3>\n\t\t\tDesarrollo del liderazgo\t<\/h3>\n\t<p>Ampliamos la capacidad de las cl\u00ednicas afiliadas mediante un s\u00f3lido modelo empresarial que incluye formaci\u00f3n sobre las mejores pr\u00e1cticas administrativas y cl\u00ednicas.<\/p>\n\t\t\t<a href=\"https:\/\/ncafcc.org\/es\/our-services\/\" target=\"_self\">\n\t\t\t\t\t\t\tM\u00e1s informaci\u00f3n\n\t\t\t\t\t<\/a>\n<h2>\n\t\t\t\u00danete a nosotros\t<\/h2>\n\t<p>As an NCAFCC member clinic, you&#8217;ll become part of a network dedicated to improving the health of uninsured and underinsured patients.<\/p>\n\t\t\t<a href=\"\" target=\"_self\">\n\t\t\t\t\t\t\tM\u00e1s informaci\u00f3n\n\t\t\t\t\t<\/a>\n<h2>\n\t\t\tMantente al d\u00eda\t<\/h2>\n\t<p>\u00danase a nuestra lista de correo electr\u00f3nico y mant\u00e9ngase informado.<\/p>","protected":false},"excerpt":{"rendered":"<p>We Champion Access to Healthcare Our work equips and supports member clinics that provide care for uninsured individuals across North Carolina. Over 700,000 remain uninsured in North Carolina. We foster a safety net of accessible care. Uninsured and underinsured North Carolinians are often denied the healthcare they need. Our member clinics connect residents throughout the&hellip;<\/p>","protected":false},"author":1,"featured_media":5203,"parent":0,"menu_order":0,"comment_status":"closed","ping_status":"closed","template":"","meta":{"_acf_changed":false,"_monsterinsights_skip_tracking":false,"_monsterinsights_sitenote_active":false,"_monsterinsights_sitenote_note":"","_monsterinsights_sitenote_category":0,"footnotes":""},"class_list":["post-4958","page","type-page","status-publish","has-post-thumbnail","hentry"],"acf":[],"_links":{"self":[{"href":"https:\/\/ncafcc.org\/es\/wp-json\/wp\/v2\/pages\/4958","targetHints":{"allow":["GET"]}}],"collection":[{"href":"https:\/\/ncafcc.org\/es\/wp-json\/wp\/v2\/pages"}],"about":[{"href":"https:\/\/ncafcc.org\/es\/wp-json\/wp\/v2\/types\/page"}],"author":[{"embeddable":true,"href":"https:\/\/ncafcc.org\/es\/wp-json\/wp\/v2\/users\/1"}],"replies":[{"embeddable":true,"href":"https:\/\/ncafcc.org\/es\/wp-json\/wp\/v2\/comments?post=4958"}],"version-history":[{"count":0,"href":"https:\/\/ncafcc.org\/es\/wp-json\/wp\/v2\/pages\/4958\/revisions"}],"wp:featuredmedia":[{"embeddable":true,"href":"https:\/\/ncafcc.org\/es\/wp-json\/wp\/v2\/media\/5203"}],"wp:attachment":[{"href":"https:\/\/ncafcc.org\/es\/wp-json\/wp\/v2\/media?parent=4958"}],"curies":[{"name":"wp","href":"https:\/\/api.w.org\/{rel}","templated":true}]}}