{"id":4992,"date":"2024-07-08T22:07:39","date_gmt":"2024-07-08T22:07:39","guid":{"rendered":"https:\/\/ncafcc2.wpenginepowered.com\/?page_id=4992"},"modified":"2025-10-24T14:58:39","modified_gmt":"2025-10-24T14:58:39","slug":"our-services","status":"publish","type":"page","link":"https:\/\/ncafcc.org\/es\/our-services\/","title":{"rendered":"Nuestros servicios"},"content":{"rendered":"<h1>\n\t\t\tNuestros servicios\t<\/h1>\n\t<p>Abogamos por los no asegurados, representamos a nuestras cl\u00ednicas afiliadas y a sus pacientes, y educamos a los principales interesados sobre la importancia de satisfacer las necesidades de nuestros vecinos no asegurados.<\/p>\n<h2>\n\t\t\tDefensa\t<\/h2>\n\t<p>We take a data-driven approach to our advocacy work across the state to transform the healthcare system to improve access for all residents. Through our advocacy work, the North Carolina General Assembly has approved funding through June 2025 for free and charitable clinics, supporting our mission to expand healthcare for the state&#8217;s uninsured individuals and families. We also educate funders on the unmet needs of the uninsured to create synergistic relationships and collaborations that broaden our reach.<\/p>\n\t\t\t\t<img decoding=\"async\" src=\"https:\/\/ncafcc.org\/wp-content\/uploads\/2024\/09\/advocacy3.jpeg\" alt=\"advocacy3\" itemprop=\"image\" height=\"498\" width=\"500\" title=\"defensa3\" onerror=\"this.style.display='none'\" loading=\"lazy\" \/>\n<h2>\n\t\t\tPrestaci\u00f3n de servicios innovadores\t<\/h2>\n\t<p>Trabajamos para llevar la atenci\u00f3n sanitaria a los condados que carecen de cl\u00ednicas f\u00edsicas gratuitas a trav\u00e9s de nuestro innovador modelo de prestaci\u00f3n de servicios, que incluye la telesalud. Nuestras cl\u00ednicas m\u00f3viles, en colaboraci\u00f3n con cl\u00ednicas asociadas, tambi\u00e9n ampl\u00edan nuestro alcance. En <a href=\"https:\/\/www.zeffy.com\/en-US\/fundraising\/join-our-oral-health-month-campaign\" target=\"_blank\" rel=\"noopener\">iniciativa de odontolog\u00eda m\u00f3vil<\/a>, piloted in several communities with plans for expansion, provides comprehensive dental healthcare that many patients aren&#8217;t currently receiving. We also know that access to behavioral health is especially elusive to patients of free clinics, so we also plan to pilot a bilingual telehealth model as a member resource. Our regionalization strategy allows us to leverage neighboring communities&#8217; resources with one another to make quality healthcare more widely available.<\/p>\n\t\t\t\t<img decoding=\"async\" src=\"https:\/\/ncafcc.org\/wp-content\/uploads\/2025\/10\/IMG_8038-Edit-1.jpg\" alt=\"IMG_8038-Edit (1)\" itemprop=\"image\" height=\"790\" width=\"1024\" title=\"IMG_8038-Edit (1)\" onerror=\"this.style.display='none'\" loading=\"lazy\" \/>\n<h2>\n\t\t\tDesarrollo del liderazgo\t<\/h2>\n\t<p>Ofrecemos <a href=\"https:\/\/ncafcc.org\/es\/quarterly-leadership-series\/\">desarrollo profesional<\/a> a nuestras cl\u00ednicas miembro sobre temas que mejoran la calidad de la atenci\u00f3n que prestan y la profesionalidad de su organizaci\u00f3n. Colaboramos con m\u00e9dicos, enfermeros y asistentes m\u00e9dicos para crear una formaci\u00f3n relevante para sus cl\u00ednicas, cuyo objetivo es mejorar el acceso, crear resultados satisfactorios y desarrollar est\u00e1ndares m\u00e1s altos para la atenci\u00f3n al paciente. Nos esforzamos por crear un liderazgo resistente y creativo para dirigir nuestras cl\u00ednicas miembro y dentro de nuestra junta directiva.<\/p>\n\t\t\t\t<img decoding=\"async\" src=\"https:\/\/ncafcc.org\/wp-content\/uploads\/2025\/10\/LQXR6047-1024x768-1.jpg\" alt=\"Edited in Tezza with: Lush, Exposure, Brightness, Contrast, Shadows, Highlights, Temperature, Saturation, Sharpen, &amp;amp; Crop\" itemprop=\"image\" height=\"768\" width=\"1024\" title=\"LQXR6047-1024x768\" onerror=\"this.style.display='none'\" loading=\"lazy\" \/>\n<h3>\n\t\t\t\u00danete a nuestra misi\u00f3n\t<\/h3>\n\t<p>When you become a partner, you join us in making North Carolina&#8217;s healthcare ecosystem as comprehensive and accessible as possible.<\/p>\n<p>&nbsp;<\/p>\n\t\t\t<a href=\"https:\/\/ncafcc.org\/es\/contact\/\" target=\"_self\">\n\t\t\t\t\t\t\tContacte con nosotros\n\t\t\t\t\t<\/a>","protected":false},"excerpt":{"rendered":"<p>Our Services We advocate for the uninsured, represent our member clinics and their patients, and educate key stakeholders about the importance of meeting the needs of our uninsured neighbors. Advocacy We take a data-driven approach to our advocacy work across the state to transform the healthcare system to improve access for all residents. Through our&hellip;<\/p>","protected":false},"author":5,"featured_media":0,"parent":0,"menu_order":0,"comment_status":"closed","ping_status":"closed","template":"","meta":{"_acf_changed":false,"_monsterinsights_skip_tracking":false,"_monsterinsights_sitenote_active":false,"_monsterinsights_sitenote_note":"","_monsterinsights_sitenote_category":0,"footnotes":""},"class_list":["post-4992","page","type-page","status-publish","hentry"],"acf":[],"_links":{"self":[{"href":"https:\/\/ncafcc.org\/es\/wp-json\/wp\/v2\/pages\/4992","targetHints":{"allow":["GET"]}}],"collection":[{"href":"https:\/\/ncafcc.org\/es\/wp-json\/wp\/v2\/pages"}],"about":[{"href":"https:\/\/ncafcc.org\/es\/wp-json\/wp\/v2\/types\/page"}],"author":[{"embeddable":true,"href":"https:\/\/ncafcc.org\/es\/wp-json\/wp\/v2\/users\/5"}],"replies":[{"embeddable":true,"href":"https:\/\/ncafcc.org\/es\/wp-json\/wp\/v2\/comments?post=4992"}],"version-history":[{"count":0,"href":"https:\/\/ncafcc.org\/es\/wp-json\/wp\/v2\/pages\/4992\/revisions"}],"wp:attachment":[{"href":"https:\/\/ncafcc.org\/es\/wp-json\/wp\/v2\/media?parent=4992"}],"curies":[{"name":"wp","href":"https:\/\/api.w.org\/{rel}","templated":true}]}}