{"id":4993,"date":"2024-07-08T22:07:51","date_gmt":"2024-07-08T22:07:51","guid":{"rendered":"https:\/\/ncafcc2.wpenginepowered.com\/?page_id=4993"},"modified":"2026-02-09T14:25:31","modified_gmt":"2026-02-09T14:25:31","slug":"our-team","status":"publish","type":"page","link":"https:\/\/ncafcc.org\/es\/our-team\/","title":{"rendered":"Nuestro equipo"},"content":{"rendered":"<h1>\n\t\t\tNuestro equipo\t<\/h1>\n\t<p>Nuestro personal, junta directiva y voluntarios abogan por el acceso a la atenci\u00f3n sanitaria de pacientes y familias sin seguro m\u00e9dico, proporcionando a las comunidades apoyo, formaci\u00f3n e informaci\u00f3n.<\/p>\n<h2>\n\t\t\tMiembros del personal\t<\/h2>\n<figure itemscope itemtype=\"https:\/\/schema.org\/ImageObject\">\n\t\t\t\t<img decoding=\"async\" src=\"https:\/\/ncafcc.org\/wp-content\/uploads\/2025\/07\/headshot_April-e1751509010684.jpg\" alt=\"headshot_April\" height=\"1024\" width=\"1024\" title=\"headshot_abril\" onerror=\"this.style.display='none'\" loading=\"lazy\" \/>\n\t<\/figure>\n<h3>\n\t\t\tAbril Cook\t<\/h3>\n\tConsejero Delegado<br \/>\n<a href=\"mailto:april@ncafcc.org\" target=\"_blank\" rel=\"noopener\">april@ncafcc.org<\/a>\n<figure itemscope itemtype=\"https:\/\/schema.org\/ImageObject\">\n\t\t\t\t<img decoding=\"async\" src=\"https:\/\/ncafcc.org\/wp-content\/uploads\/2025\/07\/Cindy-picture.png\" alt=\"Cindy-picture\" height=\"717\" width=\"717\" title=\"Cindy-imagen\" onerror=\"this.style.display='none'\" loading=\"lazy\" \/>\n\t<\/figure>\n<h3>\n\t\t\tCindy Jones\t<\/h3>\n\tDirector de Calidad<br \/>\n&amp; Apoyo cl\u00ednico<br \/>\n<a href=\"mailto:cindy@ncafcc.org\" target=\"_blank\" rel=\"noopener\">cindy@ncafcc.org<\/a>\n<figure itemscope itemtype=\"https:\/\/schema.org\/ImageObject\">\n\t\t\t\t<img decoding=\"async\" src=\"https:\/\/ncafcc.org\/wp-content\/uploads\/2025\/07\/Allison_fin-pic-e1751508933332.png\" alt=\"Allison_fin-pic\" height=\"810\" width=\"810\" title=\"Allison_fin-pic\" onerror=\"this.style.display='none'\" loading=\"lazy\" \/>\n\t<\/figure>\n<h3>\n\t\t\tAllison Kelly\t<\/h3>\n\tDirector de Operaciones y Afiliaci\u00f3n<br \/>\n<a href=\"mailto:allison@ncafcc.org\" target=\"_blank\" rel=\"noopener\">allison@ncafcc.org<\/a>\n<figure itemscope itemtype=\"https:\/\/schema.org\/ImageObject\">\n\t\t\t\t<img decoding=\"async\" src=\"https:\/\/ncafcc.org\/wp-content\/uploads\/2025\/07\/headshot_Lynn.png\" alt=\"headshot_Lynn\" height=\"614\" width=\"614\" title=\"headshot_Lynn\" onerror=\"this.style.display='none'\" loading=\"lazy\" \/>\n\t<\/figure>\n<h3>\n\t\t\tLynn McRae\t<\/h3>\n\tDirector de Desarrollo y Proyectos<br \/>\n<a href=\"mailto:lynn@ncafcc.org\" target=\"_blank\" rel=\"noopener\">lynn@ncafcc.org<\/a>\n<figure itemscope itemtype=\"https:\/\/schema.org\/ImageObject\">\n\t\t\t\t<img decoding=\"async\" src=\"https:\/\/ncafcc.org\/wp-content\/uploads\/2025\/07\/headsho_Lacie-e1751509034582.jpg\" alt=\"headsho_Lacie\" height=\"863\" width=\"862\" title=\"headsho_Lacie\" onerror=\"this.style.display='none'\" loading=\"lazy\" \/>\n\t<\/figure>\n<h3>\n\t\t\tLacie Brotherton\t<\/h3>\n\tAsistente administrativo &amp;<br \/>\nCoordinador de divulgaci\u00f3n<br \/>\n<a href=\"mailto:lacie@ncafcc.org\" target=\"_blank\" rel=\"noopener\">lacie@ncafcc.org<\/a>\n<figure itemscope itemtype=\"https:\/\/schema.org\/ImageObject\">\n\t\t\t\t<img decoding=\"async\" src=\"https:\/\/ncafcc.org\/wp-content\/uploads\/2025\/07\/Angela_fin-pic-e1751508980119.jpg\" alt=\"Angela_fin-pic\" height=\"1544\" width=\"1544\" title=\"Angela_fin-pic\" onerror=\"this.style.display='none'\" loading=\"lazy\" \/>\n\t<\/figure>\n<h3>\n\t\t\t\u00c1ngela Lizarazo\t<\/h3>\n\tCoordinador de Apoyo Dental y Cl\u00ednico<br \/>\n<a href=\"mailto:angela@ncafcc.org\" target=\"_blank\" rel=\"noreferrer noopener\">angela@ncafcc.org<\/a>\n<h2>\n\t\t\tConsejo de Administraci\u00f3n\t<\/h2>\n\t<p>Silla<\/p>\n<h3>\n\t\t\tKrista Woolly\t<\/h3>\n\tCl\u00ednica de Asistencia Comunitaria<br \/>\ndel Condado de Rowan\n\t<p>Vice-Chair<\/p>\n<h3>\n\t\t\tLyn Jenkins\t<\/h3>\n\tCl\u00ednica de Asistencia Comunitaria<br \/>\nde Dare\n\t<p>Secretario<\/p>\n<h3>\n\t\t\tJanet Jarrett\t<\/h3>\n\t<p>HealthNet Albemarle<\/p>\n\t<p>Tesorero<\/p>\n<h3>\n\t\t\tMichael Lischke\t<\/h3>\n\tAssociate Dean for Continuing Medical Education<br \/>\nFacultad de Medicina de la WFU\n<h2>\n\t\t\tRepresentantes de las cl\u00ednicas miembros\t<\/h2>\n<h3>\n\t\t\tBrittany Bonn\t<\/h3>\n\t<p>Helping Hands Clinic, Inc.<\/p>\n<h3>\n\t\t\tDra. Elizabeth A. Campbell                                    \t<\/h3>\n\t<p>Ministerios Urbanos del Condado de Wake<\/p>\n<h3>\n\t\t\tPauline Carpenter\t<\/h3>\n\t<p>The Free Clinics<\/p>\n<h3>\n\t\t\tAmy Carr\t<\/h3>\n\t<p>Consultorio m\u00e9dico gratuito de Matthews<\/p>\n<h3>\n\t\t\tRosh Foskey\t\t<\/h3>\n\t<p>Cl\u00ednica Caring Community<\/p>\n<h3>\n\t\t\tKim Rider\t<\/h3>\n\t<p>Cl\u00ednica gratuita del condado de Rockingham<\/p>\n<h3>\n\t\t\tSommer Wisher   \t<\/h3>\n\t<p>Sonrisas de vigilia<\/p>\n<h2>\n\t\t\tAt Large Members &#8211; Annual Terms\t<\/h2>\n<h3>\n\t\t\tMitch Perry\t<\/h3>\n\tSVP and Chief Financial Officer<br \/>\nBlue Cross and Blue Shield of North Carolina\n<h3>\n\t\t\tRhonda Stephens, DDS, MPH\t<\/h3>\n\tProfessor of the Practice<br \/>\nUNC Gillings School of Global Public Health<br \/>\n<strong><br \/>\n<\/strong>","protected":false},"excerpt":{"rendered":"<p>Our Team Our staff, board, and volunteers advocate for healthcare access for uninsured patients and families by providing communities with support, training, and information. Staff Members April Cook Chief Executive Officer april@ncafcc.org Cindy Jones Director of Quality &amp; Clinical Support cindy@ncafcc.org Allison Kelly\u2028 Director of Operations &amp; Membership allison@ncafcc.org Lynn McRae Director of Development &amp;&hellip;<\/p>","protected":false},"author":5,"featured_media":0,"parent":0,"menu_order":0,"comment_status":"closed","ping_status":"closed","template":"","meta":{"_acf_changed":false,"_monsterinsights_skip_tracking":false,"_monsterinsights_sitenote_active":false,"_monsterinsights_sitenote_note":"","_monsterinsights_sitenote_category":0,"footnotes":""},"class_list":["post-4993","page","type-page","status-publish","hentry"],"acf":[],"_links":{"self":[{"href":"https:\/\/ncafcc.org\/es\/wp-json\/wp\/v2\/pages\/4993","targetHints":{"allow":["GET"]}}],"collection":[{"href":"https:\/\/ncafcc.org\/es\/wp-json\/wp\/v2\/pages"}],"about":[{"href":"https:\/\/ncafcc.org\/es\/wp-json\/wp\/v2\/types\/page"}],"author":[{"embeddable":true,"href":"https:\/\/ncafcc.org\/es\/wp-json\/wp\/v2\/users\/5"}],"replies":[{"embeddable":true,"href":"https:\/\/ncafcc.org\/es\/wp-json\/wp\/v2\/comments?post=4993"}],"version-history":[{"count":0,"href":"https:\/\/ncafcc.org\/es\/wp-json\/wp\/v2\/pages\/4993\/revisions"}],"wp:attachment":[{"href":"https:\/\/ncafcc.org\/es\/wp-json\/wp\/v2\/media?parent=4993"}],"curies":[{"name":"wp","href":"https:\/\/api.w.org\/{rel}","templated":true}]}}